{"id":6,"date":"2024-01-09T15:46:44","date_gmt":"2024-01-09T18:46:44","guid":{"rendered":"https:\/\/mecaodontologiaesaude.com.br\/blog\/?page_id=6"},"modified":"2024-01-09T15:47:37","modified_gmt":"2024-01-09T18:47:37","slug":"politica-de-privacidade","status":"publish","type":"page","link":"https:\/\/mecaodontologiaesaude.com.br\/blog\/politica-de-privacidade\/","title":{"rendered":"Pol\u00edtica de privacidade"},"content":{"rendered":"\n<h2 class=\"wp-block-heading\">Pol\u00edtica de Privacidade do Blog M\u00e9ca Odontologia e Sa\u00fade<\/h2>\n\n\n\n<h3 class=\"wp-block-heading\">Quem Somos<\/h3>\n\n\n\n<p><strong>Endere\u00e7o do Site<\/strong>: <a href=\"https:\/\/mecaodontologiaesaude.com.br\/blog\">M\u00e9ca Odontologia e Sa\u00fade<\/a><\/p>\n\n\n\n<h3 class=\"wp-block-heading\">Coment\u00e1rios dos Visitantes<\/h3>\n\n\n\n<p>Quando voc\u00ea deixa coment\u00e1rios em nosso blog, coletamos os dados exibidos no formul\u00e1rio de coment\u00e1rios, seu endere\u00e7o IP e detalhes do navegador para ajudar na detec\u00e7\u00e3o de spam. Sua foto de perfil, se estiver vinculada ao Gravatar, pode ser exibida publicamente ao lado do seu coment\u00e1rio ap\u00f3s a aprova\u00e7\u00e3o. <a href=\"https:\/\/automattic.com\/privacy\/\">Pol\u00edtica de privacidade do Gravatar<\/a>.<\/p>\n\n\n\n<h3 class=\"wp-block-heading\">M\u00eddia<\/h3>\n\n\n\n<p>Cuidado ao enviar imagens com dados de localiza\u00e7\u00e3o (EXIF GPS) para o site. Outros visitantes podem baixar e extrair dados de localiza\u00e7\u00e3o dessas imagens.<\/p>\n\n\n\n<h3 class=\"wp-block-heading\">Cookies<\/h3>\n\n\n\n<p>Ao comentar, voc\u00ea pode optar por salvar seu nome, e-mail e site em cookies para sua conveni\u00eancia, evitando preencher seus detalhes novamente. Estes cookies duram um ano. Outros cookies s\u00e3o configurados ao acessar sua conta e ao editar ou publicar um artigo, e n\u00e3o cont\u00eam dados pessoais.<\/p>\n\n\n\n<h3 class=\"wp-block-heading\">Conte\u00fado Incorporado<\/h3>\n\n\n\n<p>Artigos em nosso site podem incluir conte\u00fados incorporados (ex.: v\u00eddeos, imagens). Este conte\u00fado se comporta como se voc\u00ea estivesse visitando o site original, que pode coletar dados sobre voc\u00ea, usar cookies e monitorar sua intera\u00e7\u00e3o com o conte\u00fado incorporado.<\/p>\n\n\n\n<h3 class=\"wp-block-heading\">Compartilhamento de Dados<\/h3>\n\n\n\n<p>Seu endere\u00e7o IP \u00e9 inclu\u00eddo em solicita\u00e7\u00f5es de redefini\u00e7\u00e3o de senha para prop\u00f3sitos de seguran\u00e7a.<\/p>\n\n\n\n<h3 class=\"wp-block-heading\">Reten\u00e7\u00e3o de Dados<\/h3>\n\n\n\n<p>Coment\u00e1rios e seus metadados s\u00e3o retidos indefinidamente. Para usu\u00e1rios registrados, tamb\u00e9m armazenamos informa\u00e7\u00f5es pessoais fornecidas no perfil. Todos podem ver, editar ou excluir suas informa\u00e7\u00f5es pessoais a qualquer momento (exceto o nome de usu\u00e1rio). Administradores do site tamb\u00e9m podem ver e editar essas informa\u00e7\u00f5es.<\/p>\n\n\n\n<h3 class=\"wp-block-heading\">Seus Direitos sobre seus Dados<\/h3>\n\n\n\n<p>Voc\u00ea pode solicitar um arquivo exportado dos dados pessoais que mantemos sobre voc\u00ea, incluindo os fornecidos por voc\u00ea. Tamb\u00e9m pode solicitar a remo\u00e7\u00e3o de qualquer dado pessoal. Isso n\u00e3o inclui dados mantidos para prop\u00f3sitos administrativos, legais ou de seguran\u00e7a.<\/p>\n\n\n\n<h3 class=\"wp-block-heading\">Para Onde Enviamos Seus Dados<\/h3>\n\n\n\n<p>Coment\u00e1rios podem ser verificados por um servi\u00e7o autom\u00e1tico de detec\u00e7\u00e3o de spam.<\/p>\n","protected":false},"excerpt":{"rendered":"<p>Pol\u00edtica de Privacidade do Blog M\u00e9ca Odontologia e Sa\u00fade Quem Somos Endere\u00e7o do Site: M\u00e9ca Odontologia e Sa\u00fade Coment\u00e1rios dos Visitantes Quando voc\u00ea deixa coment\u00e1rios em nosso blog, coletamos os dados exibidos no formul\u00e1rio de coment\u00e1rios, seu endere\u00e7o IP e detalhes do navegador para ajudar na detec\u00e7\u00e3o de spam. Sua foto de perfil, se estiver [&hellip;]<\/p>\n","protected":false},"author":1,"featured_media":0,"parent":0,"menu_order":0,"comment_status":"closed","ping_status":"closed","template":"","meta":{"footnotes":""},"class_list":["post-6","page","type-page","status-publish","hentry"],"aioseo_notices":[],"_links":{"self":[{"href":"https:\/\/mecaodontologiaesaude.com.br\/blog\/wp-json\/wp\/v2\/pages\/6","targetHints":{"allow":["GET"]}}],"collection":[{"href":"https:\/\/mecaodontologiaesaude.com.br\/blog\/wp-json\/wp\/v2\/pages"}],"about":[{"href":"https:\/\/mecaodontologiaesaude.com.br\/blog\/wp-json\/wp\/v2\/types\/page"}],"author":[{"embeddable":true,"href":"https:\/\/mecaodontologiaesaude.com.br\/blog\/wp-json\/wp\/v2\/users\/1"}],"replies":[{"embeddable":true,"href":"https:\/\/mecaodontologiaesaude.com.br\/blog\/wp-json\/wp\/v2\/comments?post=6"}],"version-history":[{"count":1,"href":"https:\/\/mecaodontologiaesaude.com.br\/blog\/wp-json\/wp\/v2\/pages\/6\/revisions"}],"predecessor-version":[{"id":7,"href":"https:\/\/mecaodontologiaesaude.com.br\/blog\/wp-json\/wp\/v2\/pages\/6\/revisions\/7"}],"wp:attachment":[{"href":"https:\/\/mecaodontologiaesaude.com.br\/blog\/wp-json\/wp\/v2\/media?parent=6"}],"curies":[{"name":"wp","href":"https:\/\/api.w.org\/{rel}","templated":true}]}}